{"id":92590,"date":"2025-11-05T09:46:12","date_gmt":"2025-11-05T09:46:12","guid":{"rendered":"https:\/\/magasiait.ee\/toode\/magasiaida-talusahvri-bonny-jam-212-ml\/"},"modified":"2026-04-28T01:00:11","modified_gmt":"2026-04-28T01:00:11","slug":"magasiaida-talusahvri-bonny-jam-212-ml","status":"publish","type":"product","link":"https:\/\/magasiait.ee\/en\/product\/magasiaida-talusahvri-bonny-jam-212-ml\/","title":{"rendered":"Magasiaida Talusahvri \u201cBonny jam\u201d 212 ml"},"content":{"rendered":"<figure class=\"image image_resized\" style=\"width:13.4%\"><img decoding=\"async\" src=\"https:\/\/cdn.erply.com\/files\/500235\/3QUjD8uHf5NMP3ZxHkGYfpCeJLkXUXiLczhqINraggXLCdZyUU.png\"><\/figure>\n<p>Estonia<\/p>\n<p>Nutritional information:<\/p>\n<p>100g of product contains: energy 154kJ\/652 kcal, fat 1g, of which saturated fatty acids 0.8g, carbohydrates 36g, sugars 34g, protein 0.18g, salt 0.006g.<\/p>\n<p>After opening, store in the refrigerator and consume within a week.&nbsp;<\/p>\n<p>Manufacturer: Magasiait O\u00dc, Lillekivi, Peatskivi village, Peipsi\u00e4\u00e4re parish, Tartu county 60201<\/p>\n","protected":false},"excerpt":{"rendered":"<p>A wonderfully crunchy jam that makes every breakfast fun.<br \/>\nIngredients: pear juice (77%), coconut flakes, sugar.<br \/>\nTotal sugar content 22g per 100g.<br \/>\nMade from 77g of apples per 100g of product.<br \/>\nVolume 212 ml.<br \/>\nMade with love!<\/p>\n","protected":false},"featured_media":86816,"template":"","meta":[],"product_brand":[],"product_cat":[674,1129],"product_tag":[],"class_list":{"0":"post-92590","1":"product","2":"type-product","3":"status-publish","4":"has-post-thumbnail","6":"product_cat-jams-en","7":"product_cat-magasiait-en","9":"first","10":"instock","11":"shipping-taxable","12":"purchasable","13":"product-type-simple"},"aioseo_notices":[],"_links":{"self":[{"href":"https:\/\/magasiait.ee\/en\/wp-json\/wp\/v2\/product\/92590","targetHints":{"allow":["GET"]}}],"collection":[{"href":"https:\/\/magasiait.ee\/en\/wp-json\/wp\/v2\/product"}],"about":[{"href":"https:\/\/magasiait.ee\/en\/wp-json\/wp\/v2\/types\/product"}],"wp:featuredmedia":[{"embeddable":true,"href":"https:\/\/magasiait.ee\/en\/wp-json\/wp\/v2\/media\/86816"}],"wp:attachment":[{"href":"https:\/\/magasiait.ee\/en\/wp-json\/wp\/v2\/media?parent=92590"}],"wp:term":[{"taxonomy":"product_brand","embeddable":true,"href":"https:\/\/magasiait.ee\/en\/wp-json\/wp\/v2\/product_brand?post=92590"},{"taxonomy":"product_cat","embeddable":true,"href":"https:\/\/magasiait.ee\/en\/wp-json\/wp\/v2\/product_cat?post=92590"},{"taxonomy":"product_tag","embeddable":true,"href":"https:\/\/magasiait.ee\/en\/wp-json\/wp\/v2\/product_tag?post=92590"}],"curies":[{"name":"wp","href":"https:\/\/api.w.org\/{rel}","templated":true}]}}