{"id":92878,"date":"2025-03-16T13:17:22","date_gmt":"2025-03-16T13:17:22","guid":{"rendered":"https:\/\/magasiait.ee\/toode\/magasiaida-talusahvri-classic-gooseberry-212-ml\/"},"modified":"2026-04-23T09:27:08","modified_gmt":"2026-04-23T09:27:08","slug":"magasiaida-talusahvri-classic-gooseberry-212-ml","status":"publish","type":"product","link":"https:\/\/magasiait.ee\/en\/product\/magasiaida-talusahvri-classic-gooseberry-212-ml\/","title":{"rendered":"Magasiaida Talusahvri &#8220;Classic Gooseberry&#8221; 212 ml."},"content":{"rendered":"<figure class=\"image image_resized\" style=\"width:12.98%;\"><img decoding=\"async\" src=\"https:\/\/cdn.erply.com\/files\/500235\/3QUjD8uHf5NMP3ZxHkGYfpCeJLkXUXiLczhqINraggXLCdZyUU.png\"><\/figure>\n<p>Estonian<\/p>\n<p>Nutritional information:<\/p>\n<p>100g of product contains: energy 638kJ\/150 kcal, fats 0.5g, of which saturated fatty acids 0.075g, carbohydrates 34g, sugars 34g, proteins 0.9g, salt 0.005g.<\/p>\n<p>After opening, store in the refrigerator and consume within a week.&nbsp;<\/p>\n<p>Manufacturer: Magasiait O\u00dc, Lillekivi, Peatskivi village, Peipsi\u00e4\u00e4re parish, Tartu county 60201<\/p>\n","protected":false},"excerpt":{"rendered":"<p>Traditional gooseberry jam is perfect for porridge or cheese jam, as a topping for pancakes and ice cream.<br \/>\nIngredients: gooseberries (76%), jam sugar.<br \/>\nNet quantity: 212 ml<br \/>\nMade with 76 g of matcha per 100 g of product<br \/>\nTotal sugar content 23 g per 100 g. <\/p>\n","protected":false},"featured_media":77762,"template":"","meta":[],"product_brand":[],"product_cat":[674],"product_tag":[],"class_list":{"0":"post-92878","1":"product","2":"type-product","3":"status-publish","4":"has-post-thumbnail","6":"product_cat-jams-en","8":"first","9":"instock","10":"shipping-taxable","11":"purchasable","12":"product-type-simple"},"aioseo_notices":[],"_links":{"self":[{"href":"https:\/\/magasiait.ee\/en\/wp-json\/wp\/v2\/product\/92878","targetHints":{"allow":["GET"]}}],"collection":[{"href":"https:\/\/magasiait.ee\/en\/wp-json\/wp\/v2\/product"}],"about":[{"href":"https:\/\/magasiait.ee\/en\/wp-json\/wp\/v2\/types\/product"}],"wp:featuredmedia":[{"embeddable":true,"href":"https:\/\/magasiait.ee\/en\/wp-json\/wp\/v2\/media\/77762"}],"wp:attachment":[{"href":"https:\/\/magasiait.ee\/en\/wp-json\/wp\/v2\/media?parent=92878"}],"wp:term":[{"taxonomy":"product_brand","embeddable":true,"href":"https:\/\/magasiait.ee\/en\/wp-json\/wp\/v2\/product_brand?post=92878"},{"taxonomy":"product_cat","embeddable":true,"href":"https:\/\/magasiait.ee\/en\/wp-json\/wp\/v2\/product_cat?post=92878"},{"taxonomy":"product_tag","embeddable":true,"href":"https:\/\/magasiait.ee\/en\/wp-json\/wp\/v2\/product_tag?post=92878"}],"curies":[{"name":"wp","href":"https:\/\/api.w.org\/{rel}","templated":true}]}}