{"id":93108,"date":"2026-04-22T12:39:35","date_gmt":"2026-04-22T12:39:35","guid":{"rendered":"https:\/\/magasiait.ee\/toode\/magasiaida-talusahvri-boiled-sugar-with-nuts-pricudie-sweets-100-g\/"},"modified":"2026-04-22T12:39:35","modified_gmt":"2026-04-22T12:39:35","slug":"magasiaida-talusahvri-boiled-sugar-with-nuts-pricudie-sweets-100-g","status":"publish","type":"product","link":"https:\/\/magasiait.ee\/en\/product\/magasiaida-talusahvri-boiled-sugar-with-nuts-pricudie-sweets-100-g\/","title":{"rendered":"Magasiaida Talusahvri boiled sugar with nuts &#8220;Pri\u010dudie sweets&#8221; 100 g."},"content":{"rendered":"<figure class=\"image image_resized\" style=\"width:13.05%;\"><img decoding=\"async\" src=\"https:\/\/cdn.erply.com\/files\/500235\/dVP4pF1yaYmi7RKQKTJC8JqYgleVBVO8e2SxKWhpunP2BvTOUD.png\"><\/figure>\n<p>Estonian<\/p>\n<p>Ingredients: sugar, <strong><u>milk, butter, cashews.<\/u><\/strong><\/p>\n<p>Nutritional information: 100g of product contains: energy 1854kJ\/439kcal, fats 8.8g, of which saturated fatty acids 2.5g, carbohydrates 86g, sugars 82.5g, proteins 3.4g, salt 0.1g.<br \/>Manufacturer: Magasiait O\u00dc, Lillekivi, Peatskivi village, Peipsi\u00e4\u00e4re parish, Tartu county 60201.&nbsp;<\/p>\n","protected":false},"excerpt":{"rendered":"<p>A nutty version of the old-fashioned treat, the classic brown sugar, which will not leave a sweet tooth cold at all.<br \/>\n100g of treats in a bag.<br \/>\nTHE PRODUCT CONTAINS ALLERGENS!!!<\/p>\n","protected":false},"featured_media":41706,"template":"","meta":[],"product_brand":[],"product_cat":[1129],"product_tag":[],"class_list":{"0":"post-93108","1":"product","2":"type-product","3":"status-publish","4":"has-post-thumbnail","6":"product_cat-magasiait-en","8":"first","9":"instock","10":"shipping-taxable","11":"purchasable","12":"product-type-simple"},"aioseo_notices":[],"_links":{"self":[{"href":"https:\/\/magasiait.ee\/en\/wp-json\/wp\/v2\/product\/93108","targetHints":{"allow":["GET"]}}],"collection":[{"href":"https:\/\/magasiait.ee\/en\/wp-json\/wp\/v2\/product"}],"about":[{"href":"https:\/\/magasiait.ee\/en\/wp-json\/wp\/v2\/types\/product"}],"wp:featuredmedia":[{"embeddable":true,"href":"https:\/\/magasiait.ee\/en\/wp-json\/wp\/v2\/media\/41706"}],"wp:attachment":[{"href":"https:\/\/magasiait.ee\/en\/wp-json\/wp\/v2\/media?parent=93108"}],"wp:term":[{"taxonomy":"product_brand","embeddable":true,"href":"https:\/\/magasiait.ee\/en\/wp-json\/wp\/v2\/product_brand?post=93108"},{"taxonomy":"product_cat","embeddable":true,"href":"https:\/\/magasiait.ee\/en\/wp-json\/wp\/v2\/product_cat?post=93108"},{"taxonomy":"product_tag","embeddable":true,"href":"https:\/\/magasiait.ee\/en\/wp-json\/wp\/v2\/product_tag?post=93108"}],"curies":[{"name":"wp","href":"https:\/\/api.w.org\/{rel}","templated":true}]}}