{"id":51347,"date":"2024-01-11T11:17:40","date_gmt":"2024-01-11T11:17:40","guid":{"rendered":"https:\/\/magasiait.ee\/toode\/poosaskudoonia-albert-tiits-nr-963-2\/"},"modified":"2024-01-19T09:31:34","modified_gmt":"2024-01-19T09:31:34","slug":"poosaskudoonia-albert-tiits-nr-963-2","status":"publish","type":"product","link":"https:\/\/magasiait.ee\/ru\/\u043f\u0440\u043e\u0434\u0443\u043a\u0442\/poosaskudoonia-albert-tiits-nr-963-2\/","title":{"rendered":"&#171;P\u00f5\u00f5sask\u00fcdoonia&#187; Albert Tiits (nr 963)"},"content":{"rendered":"<p>\u0414\u0438\u0437\u0430\u0439\u043d\u0435\u0440: \u041a\u0435\u0440\u0441\u0442\u0438 \u0422\u043e\u0440\u043c\u0438\u0441<\/p>\n<p>\u0418\u0437\u0434\u0430\u0442\u0435\u043b\u044c\u0441\u0442\u0432\u043e: \u0412\u0430\u043b\u0433\u0443\u0441<br \/>\u0413\u043e\u0440\u043e\u0434: \u0422\u0430\u043b\u043b\u0438\u043d\u043d<br \/>\u0413\u043e\u0434: 1989<br \/>\u042f\u0437\u044b\u043a \u043e\u0440\u0438\u0433\u0438\u043d\u0430\u043b\u0430: \u043b\u0430\u0442\u044b\u0448\u0441\u043a\u0438\u0439<br \/>\u041f\u0435\u0440\u0435\u0432\u043e\u0434\u0447\u0438\u043a: \u041a\u0430\u0440\u043b \u0412\u0435\u0431\u0435\u0440<br \/>\u0421\u0442\u0440\u0430\u043d\u0438\u0446: 224<\/p>\n<p>\u0421\u043e\u0441\u0442\u043e\u044f\u043d\u0438\u0435: \u041e\u0431\u043b\u043e\u0436\u043a\u0430 \u043c\u0435\u0441\u0442\u0430\u043c\u0438 \u043f\u043e\u0442\u0435\u0440\u0442\u0430, \u0441\u043e\u0434\u0435\u0440\u0436\u0438\u043c\u043e\u0435 \u0432 \u043d\u043e\u0440\u043c\u0435.<\/p>\n<p>\u0420\u0430\u0437\u043c\u0435\u0440\u044b: 128\u00d7201 \u043c\u043c<br \/>\u0420\u0430\u0437\u043c\u0435\u0440: \u0441\u0442\u0430\u043d\u0434\u0430\u0440\u0442\u043d\u044b\u0439 \u0444\u043e\u0440\u043c\u0430\u0442, \u0432 \u043c\u044f\u0433\u043a\u043e\u0439 \u043e\u0431\u043b\u043e\u0436\u043a\u0435.<\/p>\n","protected":false},"excerpt":{"rendered":"<p>\u0412 \u043a\u043d\u0438\u0433\u0435 \u0440\u0430\u0441\u0441\u043c\u043e\u0442\u0440\u0435\u043d\u044b \u043a\u0443\u0441\u0442\u043e\u0432\u044b\u0435 \u0430\u0439\u0432\u044b, \u043f\u0440\u043e\u0438\u0441\u0445\u043e\u0434\u044f\u0449\u0438\u0435 \u0438\u0437 \u0433\u043e\u0440 \u041a\u0438\u0442\u0430\u044f \u0438 \u042f\u043f\u043e\u043d\u0438\u0438 \u0438 \u0438\u0437\u0432\u0435\u0441\u0442\u043d\u044b\u0435 \u043f\u0440\u0435\u0436\u0434\u0435 \u0432\u0441\u0435\u0433\u043e \u043a\u0430\u043a \u0434\u0435\u043a\u043e\u0440\u0430\u0442\u0438\u0432\u043d\u044b\u0435 \u043a\u0443\u0441\u0442\u0430\u0440\u043d\u0438\u043a\u0438, \u0430\u0439\u0432\u0430 \u043d\u0435\u0432\u044b\u0441\u043e\u043a\u0430\u044f \u043a\u0443\u0441\u0442\u043e\u0432\u0430\u044f (\u0440\u0430\u043d\u0435\u0435 \u043d\u0430\u0437\u044b\u0432\u0430\u0432\u0448\u0430\u044f\u0441\u044f \u044d\u0431\u0430\u043a\u0438\u0434\u043e\u043d\u0438\u0435\u0439 \u044f\u043f\u043e\u043d\u0441\u043a\u043e\u0439) \u0438 \u0435\u0435 \u0430\u0440\u043e\u043c\u0430\u0442\u043d\u044b\u0435, \u0431\u043e\u0433\u0430\u0442\u044b\u0435 \u043a\u0438\u0441\u043b\u043e\u0442\u043e\u0439 \u043f\u043b\u043e\u0434\u044b.<br \/>\n\u0412 \u043a\u043d\u0438\u0433\u0435 \u0434\u0430\u043d\u044b \u043f\u043e\u0434\u0440\u043e\u0431\u043d\u044b\u0435 \u0441\u043e\u0432\u0435\u0442\u044b \u043f\u043e \u0432\u044b\u0440\u0430\u0449\u0438\u0432\u0430\u043d\u0438\u044e \u043d\u0435\u0432\u044b\u0441\u043e\u043a\u043e\u0439 \u043a\u0443\u0441\u0442\u043e\u0432\u043e\u0439 \u0430\u0439\u0432\u044b \u043a\u0430\u043a \u043d\u0430 \u043f\u0440\u0438\u0443\u0441\u0430\u0434\u0435\u0431\u043d\u044b\u0445 \u0443\u0447\u0430\u0441\u0442\u043a\u0430\u0445, \u0442\u0430\u043a \u0438 \u043d\u0430 \u043a\u043e\u043c\u043c\u0435\u0440\u0447\u0435\u0441\u043a\u0438\u0445 \u043f\u043b\u0430\u043d\u0442\u0430\u0446\u0438\u044f\u0445.<br \/>\n\u0418\u0437\u0434\u0430\u043d\u0438\u0435 \u0440\u0430\u0441\u0441\u0447\u0438\u0442\u0430\u043d\u043e \u043d\u0430 \u0448\u0438\u0440\u043e\u043a\u0443\u044e \u0447\u0438\u0442\u0430\u0442\u0435\u043b\u044c\u0441\u043a\u0443\u044e \u0430\u0443\u0434\u0438\u0442\u043e\u0440\u0438\u044e.<br \/>\n\u042f\u0437\u044b\u043a: \u042d\u0441\u0442\u043e\u043d\u0441\u043a\u0438\u0439<\/p>\n","protected":false},"featured_media":51282,"template":"","meta":[],"product_brand":[],"product_cat":[15],"product_tag":[],"class_list":{"0":"post-51347","1":"product","2":"type-product","3":"status-publish","4":"has-post-thumbnail","6":"product_cat-maaratlemata","8":"first","9":"instock","10":"shipping-taxable","11":"purchasable","12":"product-type-simple"},"aioseo_notices":[],"_links":{"self":[{"href":"https:\/\/magasiait.ee\/ru\/wp-json\/wp\/v2\/product\/51347","targetHints":{"allow":["GET"]}}],"collection":[{"href":"https:\/\/magasiait.ee\/ru\/wp-json\/wp\/v2\/product"}],"about":[{"href":"https:\/\/magasiait.ee\/ru\/wp-json\/wp\/v2\/types\/product"}],"wp:featuredmedia":[{"embeddable":true,"href":"https:\/\/magasiait.ee\/ru\/wp-json\/wp\/v2\/media\/51282"}],"wp:attachment":[{"href":"https:\/\/magasiait.ee\/ru\/wp-json\/wp\/v2\/media?parent=51347"}],"wp:term":[{"taxonomy":"product_brand","embeddable":true,"href":"https:\/\/magasiait.ee\/ru\/wp-json\/wp\/v2\/product_brand?post=51347"},{"taxonomy":"product_cat","embeddable":true,"href":"https:\/\/magasiait.ee\/ru\/wp-json\/wp\/v2\/product_cat?post=51347"},{"taxonomy":"product_tag","embeddable":true,"href":"https:\/\/magasiait.ee\/ru\/wp-json\/wp\/v2\/product_tag?post=51347"}],"curies":[{"name":"wp","href":"https:\/\/api.w.org\/{rel}","templated":true}]}}