{"id":51464,"date":"2024-01-15T09:36:58","date_gmt":"2024-01-15T09:36:58","guid":{"rendered":"https:\/\/magasiait.ee\/toode\/kaopoja-tanu-harri-jogisalu-nr-968-2\/"},"modified":"2024-01-19T09:31:33","modified_gmt":"2024-01-19T09:31:33","slug":"kaopoja-tanu-harri-jogisalu-nr-968-2","status":"publish","type":"product","link":"https:\/\/magasiait.ee\/ru\/\u043f\u0440\u043e\u0434\u0443\u043a\u0442\/kaopoja-tanu-harri-jogisalu-nr-968-2\/","title":{"rendered":"&#171;K\u00e4opoja t\u00e4nu&#187; Harri J\u00f5gisalu (nr 968)"},"content":{"rendered":"<p>\u0418\u0437\u0434\u0430\u0442\u0435\u043b\u044c: Eesti Raamat<br \/>\u0413\u043e\u0440\u043e\u0434: \u0422\u0430\u043b\u043b\u0438\u043d\u043d<br \/>\u0413\u043e\u0434: 1971<br \/>\u042f\u0437\u044b\u043a \u043e\u0440\u0438\u0433\u0438\u043d\u0430\u043b\u0430: \u042d\u0441\u0442\u043e\u043d\u0441\u043a\u0438\u0439<br \/>\u0421\u0442\u0440\u0430\u043d\u0438\u0446: 64<\/p>\n<p>\u0421\u043e\u0441\u0442\u043e\u044f\u043d\u0438\u0435: \u043e\u0431\u043b\u043e\u0436\u043a\u0430 \u043c\u0435\u0441\u0442\u0430\u043c\u0438 \u043f\u043e\u0442\u0435\u0440\u0442\u0430 \u0438 \u0437\u0430\u0433\u0440\u044f\u0437\u043d\u0435\u043d\u0430, \u0441\u043e\u0434\u0435\u0440\u0436\u0438\u043c\u043e\u0435 \u0432 \u043d\u043e\u0440\u043c\u0430\u043b\u044c\u043d\u043e\u043c \u0441\u043e\u0441\u0442\u043e\u044f\u043d\u0438\u0438.&nbsp;<\/p>\n<p>\u0420\u0430\u0437\u043c\u0435\u0440\u044b: 138 \u00d7 186 \u043c\u043c.<br \/>\u0420\u0430\u0437\u043c\u0435\u0440: \u043d\u0435\u043c\u043d\u043e\u0433\u043e \u043c\u0435\u043d\u044c\u0448\u0435 \u0441\u0442\u0430\u043d\u0434\u0430\u0440\u0442\u043d\u043e\u0433\u043e \u0444\u043e\u0440\u043c\u0430\u0442\u0430, \u0432 \u043c\u044f\u0433\u043a\u043e\u0439 \u043e\u0431\u043b\u043e\u0436\u043a\u0435.&nbsp;<\/p>\n","protected":false},"excerpt":{"rendered":"<p>\u0421\u043a\u0430\u0437\u043a\u0438 \u043e \u0436\u0438\u0432\u043e\u0442\u043d\u044b\u0445 \u0434\u043b\u044f \u043c\u043b\u0430\u0434\u0448\u0435\u0433\u043e \u0448\u043a\u043e\u043b\u044c\u043d\u043e\u0433\u043e \u0432\u043e\u0437\u0440\u0430\u0441\u0442\u0430.<br \/>\n\u042f\u0437\u044b\u043a: \u042d\u0441\u0442\u043e\u043d\u0441\u043a\u0438\u0439<\/p>\n","protected":false},"featured_media":51367,"template":"","meta":[],"product_brand":[],"product_cat":[15],"product_tag":[],"class_list":{"0":"post-51464","1":"product","2":"type-product","3":"status-publish","4":"has-post-thumbnail","6":"product_cat-maaratlemata","8":"first","9":"outofstock","10":"shipping-taxable","11":"purchasable","12":"product-type-simple"},"aioseo_notices":[],"_links":{"self":[{"href":"https:\/\/magasiait.ee\/ru\/wp-json\/wp\/v2\/product\/51464","targetHints":{"allow":["GET"]}}],"collection":[{"href":"https:\/\/magasiait.ee\/ru\/wp-json\/wp\/v2\/product"}],"about":[{"href":"https:\/\/magasiait.ee\/ru\/wp-json\/wp\/v2\/types\/product"}],"wp:featuredmedia":[{"embeddable":true,"href":"https:\/\/magasiait.ee\/ru\/wp-json\/wp\/v2\/media\/51367"}],"wp:attachment":[{"href":"https:\/\/magasiait.ee\/ru\/wp-json\/wp\/v2\/media?parent=51464"}],"wp:term":[{"taxonomy":"product_brand","embeddable":true,"href":"https:\/\/magasiait.ee\/ru\/wp-json\/wp\/v2\/product_brand?post=51464"},{"taxonomy":"product_cat","embeddable":true,"href":"https:\/\/magasiait.ee\/ru\/wp-json\/wp\/v2\/product_cat?post=51464"},{"taxonomy":"product_tag","embeddable":true,"href":"https:\/\/magasiait.ee\/ru\/wp-json\/wp\/v2\/product_tag?post=51464"}],"curies":[{"name":"wp","href":"https:\/\/api.w.org\/{rel}","templated":true}]}}