{"id":56713,"date":"2024-03-11T13:58:28","date_gmt":"2024-03-11T13:58:28","guid":{"rendered":"https:\/\/magasiait.ee\/toode\/puud-olid-puud-olid-hellad-velled-mats-traat-nr-951-2\/"},"modified":"2024-03-13T16:01:16","modified_gmt":"2024-03-13T16:01:16","slug":"puud-olid-puud-olid-hellad-velled-mats-traat-nr-951-2","status":"publish","type":"product","link":"https:\/\/magasiait.ee\/ru\/\u043f\u0440\u043e\u0434\u0443\u043a\u0442\/puud-olid-puud-olid-hellad-velled-mats-traat-nr-951-2\/","title":{"rendered":"&#171;Puud olid, puud olid hellad velled&#187; Mats Traat (nr 951)"},"content":{"rendered":"<p>\u0414\u0438\u0437\u0430\u0439\u043d\u0435\u0440: \u042e\u0440\u0438 \u041a\u0430\u0430\u0440\u043c\u0430<\/p>\n<p>\u0418\u0437\u0434\u0430\u0442\u0435\u043b\u044c: Eesti Raamat<br \/>\u0413\u043e\u0440\u043e\u0434: \u0422\u0430\u043b\u043b\u0438\u043d\u043d<br \/>\u0413\u043e\u0434: 1979<br \/>\u042f\u0437\u044b\u043a \u043e\u0440\u0438\u0433\u0438\u043d\u0430\u043b\u0430: \u042d\u0441\u0442\u043e\u043d\u0441\u043a\u0438\u0439<br \/>\u0421\u0442\u0440\u0430\u043d\u0438\u0446: 148<\/p>\n<p>\u0421\u043e\u0441\u0442\u043e\u044f\u043d\u0438\u0435: \u0441\u043b\u0435\u0433\u043a\u0430 \u043f\u043e\u0442\u0435\u0440\u0442\u0430\u044f \u0438 \u0437\u0430\u0433\u0440\u044f\u0437\u043d\u0435\u043d\u043d\u0430\u044f \u043e\u0431\u043b\u043e\u0436\u043a\u0430, \u0441\u043b\u0435\u0433\u043a\u0430 \u0441\u043b\u043e\u043c\u0430\u043d\u043d\u044b\u0439 \u043a\u043e\u0440\u0435\u0448\u0435\u043a, \u0441\u043e\u0434\u0435\u0440\u0436\u0438\u043c\u043e\u0435 \u0432 \u043d\u0430\u043b\u0438\u0447\u0438\u0438 \u0438 \u0432 \u043f\u043e\u0440\u044f\u0434\u043a\u0435.<\/p>\n<p>\u0420\u0430\u0437\u043c\u0435\u0440\u044b: 134 \u00d7 171 \u043c\u043c.<br \/>\u0420\u0430\u0437\u043c\u0435\u0440: \u043d\u0435\u0431\u043e\u043b\u044c\u0448\u043e\u0433\u043e \u0444\u043e\u0440\u043c\u0430\u0442\u0430, \u0432 \u0442\u0432\u0435\u0440\u0434\u043e\u0439 \u043e\u0431\u043b\u043e\u0436\u043a\u0435.&nbsp;<\/p>\n","protected":false},"excerpt":{"rendered":"<p>Romaani s\u00fcndmustik hargneb m\u00f6\u00f6dunud sajandi keskel eesti k\u00fclas. Ootamatult taluperemeheks saanud Hinnu ette kerkinud raskused teravdavad suhteid sulase Jaaguga ning viivad l\u00f5puks kaks meest kohtulaua ette. <\/p>\n","protected":false},"featured_media":56412,"template":"","meta":[],"product_brand":[],"product_cat":[15],"product_tag":[],"class_list":{"0":"post-56713","1":"product","2":"type-product","3":"status-publish","4":"has-post-thumbnail","6":"product_cat-maaratlemata","8":"first","9":"instock","10":"shipping-taxable","11":"purchasable","12":"product-type-simple"},"aioseo_notices":[],"_links":{"self":[{"href":"https:\/\/magasiait.ee\/ru\/wp-json\/wp\/v2\/product\/56713","targetHints":{"allow":["GET"]}}],"collection":[{"href":"https:\/\/magasiait.ee\/ru\/wp-json\/wp\/v2\/product"}],"about":[{"href":"https:\/\/magasiait.ee\/ru\/wp-json\/wp\/v2\/types\/product"}],"wp:featuredmedia":[{"embeddable":true,"href":"https:\/\/magasiait.ee\/ru\/wp-json\/wp\/v2\/media\/56412"}],"wp:attachment":[{"href":"https:\/\/magasiait.ee\/ru\/wp-json\/wp\/v2\/media?parent=56713"}],"wp:term":[{"taxonomy":"product_brand","embeddable":true,"href":"https:\/\/magasiait.ee\/ru\/wp-json\/wp\/v2\/product_brand?post=56713"},{"taxonomy":"product_cat","embeddable":true,"href":"https:\/\/magasiait.ee\/ru\/wp-json\/wp\/v2\/product_cat?post=56713"},{"taxonomy":"product_tag","embeddable":true,"href":"https:\/\/magasiait.ee\/ru\/wp-json\/wp\/v2\/product_tag?post=56713"}],"curies":[{"name":"wp","href":"https:\/\/api.w.org\/{rel}","templated":true}]}}