{"id":56717,"date":"2024-03-11T13:43:31","date_gmt":"2024-03-11T13:43:31","guid":{"rendered":"https:\/\/magasiait.ee\/toode\/maria-stuart-stefan-zweig-nr-948-2\/"},"modified":"2024-03-13T16:01:23","modified_gmt":"2024-03-13T16:01:23","slug":"maria-stuart-stefan-zweig-nr-948-2","status":"publish","type":"product","link":"https:\/\/magasiait.ee\/ru\/\u043f\u0440\u043e\u0434\u0443\u043a\u0442\/maria-stuart-stefan-zweig-nr-948-2\/","title":{"rendered":"&#171;Maria Stuart&#187; Stefan Zweig (nr 948)"},"content":{"rendered":"<p>\u0414\u0438\u0437\u0430\u0439\u043d\u0435\u0440: \u042f\u0430\u043d \u041a\u043b\u044b\u0448\u0435\u0439\u043a\u043e<br \/>\u0418\u0437\u0434\u0430\u0442\u0435\u043b\u044c: Eesti Raamat<br \/>\u0413\u043e\u0440\u043e\u0434: \u0422\u0430\u043b\u043b\u0438\u043d\u043d<br \/>\u0413\u043e\u0434: 1970<br \/>\u042f\u0437\u044b\u043a \u043e\u0440\u0438\u0433\u0438\u043d\u0430\u043b\u0430: \u0441 \u043d\u0435\u043c\u0435\u0446\u043a\u043e\u0433\u043e<br \/>\u041f\u0435\u0440\u0435\u0432\u043e\u0434\u0447\u0438\u043a: \u0420\u0435\u0439\u043d \u0421\u0435\u043f\u043f<br \/>\u0421\u0442\u0440\u0430\u043d\u0438\u0446: 367<br \/>\u0421\u043e\u0441\u0442\u043e\u044f\u043d\u0438\u0435: \u043e\u0431\u0435\u0440\u0442\u043e\u0447\u043d\u0430\u044f \u0431\u0443\u043c\u0430\u0433\u0430 \u043c\u0435\u0441\u0442\u0430\u043c\u0438 \u043f\u043e\u0442\u0435\u0440\u0442\u0430 \u0438 \u0441\u043b\u043e\u043c\u0430\u043d\u0430 \u043f\u043e \u043a\u0440\u0430\u044f\u043c, \u0441\u043e\u0434\u0435\u0440\u0436\u0438\u043c\u043e\u0435 \u043f\u0440\u0438\u0441\u0443\u0442\u0441\u0442\u0432\u0443\u0435\u0442 \u0438 \u0432 \u0445\u043e\u0440\u043e\u0448\u0435\u043c \u0441\u043e\u0441\u0442\u043e\u044f\u043d\u0438\u0438.<br \/>\u0420\u0430\u0437\u043c\u0435\u0440\u044b: 131 \u00d7 207<br \/>\u0420\u0430\u0437\u043c\u0435\u0440: \u0441\u0442\u0430\u043d\u0434\u0430\u0440\u0442\u043d\u044b\u0439 \u0444\u043e\u0440\u043c\u0430\u0442, \u0442\u0432\u0435\u0440\u0434\u0430\u044f \u043e\u0431\u043b\u043e\u0436\u043a\u0430.&nbsp;<\/p>\n","protected":false},"excerpt":{"rendered":"<p>&#171;Pole maailma ajaloos vist \u00fchtki teist naist, kes oleks aidanud k\u00fcpsusele nii palju kirjandust &#8212; draamasid, romaane, boigraafiaid, diskussioone. Enam kui kolme sajandi kestel on ta taas ja taas \u00e4ra meelitanud poeete ning tegevusse pannud \u00f5petlasi ja ikka veel sunnib ta kuju kahanematu j\u00f5uga uuesti end vormima. Sest k\u00f5iges selles, mis on segamini, peitub igatsus selgeks saada, ja selles, mis pime, igatsus valguse j\u00e4rele.&#187;<\/p>\n<p>Pole maailma ajaloos vist \u00fchtki teist naist, kes oleks aidanud k\u00fcpsusele nii palju kirjandust &#8212; draamasid, romaane, boigraafiaid, diskussioone. Enam kui kolme sajandi kestel on ta taas ja taas \u00e4ra meelitanud poeete ning tegevusse pannud \u00f5petlasi ja ikka veel sunnib ta kuju kahanematu j\u00f5uga uuesti end vormima. Sest k\u00f5iges selles, mis on segamini, peitub igatsus selgeks saada, ja selles, mis pime, igatsus valguse j\u00e4rele.<\/p>\n","protected":false},"featured_media":56404,"template":"","meta":[],"product_brand":[],"product_cat":[15],"product_tag":[],"class_list":{"0":"post-56717","1":"product","2":"type-product","3":"status-publish","4":"has-post-thumbnail","6":"product_cat-maaratlemata","8":"first","9":"instock","10":"shipping-taxable","11":"purchasable","12":"product-type-simple"},"aioseo_notices":[],"_links":{"self":[{"href":"https:\/\/magasiait.ee\/ru\/wp-json\/wp\/v2\/product\/56717","targetHints":{"allow":["GET"]}}],"collection":[{"href":"https:\/\/magasiait.ee\/ru\/wp-json\/wp\/v2\/product"}],"about":[{"href":"https:\/\/magasiait.ee\/ru\/wp-json\/wp\/v2\/types\/product"}],"wp:featuredmedia":[{"embeddable":true,"href":"https:\/\/magasiait.ee\/ru\/wp-json\/wp\/v2\/media\/56404"}],"wp:attachment":[{"href":"https:\/\/magasiait.ee\/ru\/wp-json\/wp\/v2\/media?parent=56717"}],"wp:term":[{"taxonomy":"product_brand","embeddable":true,"href":"https:\/\/magasiait.ee\/ru\/wp-json\/wp\/v2\/product_brand?post=56717"},{"taxonomy":"product_cat","embeddable":true,"href":"https:\/\/magasiait.ee\/ru\/wp-json\/wp\/v2\/product_cat?post=56717"},{"taxonomy":"product_tag","embeddable":true,"href":"https:\/\/magasiait.ee\/ru\/wp-json\/wp\/v2\/product_tag?post=56717"}],"curies":[{"name":"wp","href":"https:\/\/api.w.org\/{rel}","templated":true}]}}