{"id":56719,"date":"2024-03-11T13:28:32","date_gmt":"2024-03-11T13:28:32","guid":{"rendered":"https:\/\/magasiait.ee\/toode\/noiutud-allikas-harri-jogisalu-nr-948-2\/"},"modified":"2024-03-13T16:01:26","modified_gmt":"2024-03-13T16:01:26","slug":"noiutud-allikas-harri-jogisalu-nr-948-2","status":"publish","type":"product","link":"https:\/\/magasiait.ee\/ru\/\u043f\u0440\u043e\u0434\u0443\u043a\u0442\/noiutud-allikas-harri-jogisalu-nr-948-2\/","title":{"rendered":"&#171;N\u00f5iutud allikas&#187; Harri J\u00f5gisalu (nr 948)"},"content":{"rendered":"<p>\u0418\u0437\u0434\u0430\u0442\u0435\u043b\u044c: Eesti Raamat<br \/>\u0413\u043e\u0440\u043e\u0434: \u0422\u0430\u043b\u043b\u0438\u043d\u043d<br \/>\u0413\u043e\u0434: 1974<br \/>\u042f\u0437\u044b\u043a \u043e\u0440\u0438\u0433\u0438\u043d\u0430\u043b\u0430: \u042d\u0441\u0442\u043e\u043d\u0441\u043a\u0438\u0439<br \/>\u0421\u0442\u0440\u0430\u043d\u0438\u0446\u044b: 131<br \/>\u0421\u043e\u0441\u0442\u043e\u044f\u043d\u0438\u0435: \u041e\u0431\u043b\u043e\u0436\u043a\u0430 \u043c\u0435\u0441\u0442\u0430\u043c\u0438 \u043f\u043e\u0442\u0435\u0440\u0442\u0430, \u0441\u043e\u0434\u0435\u0440\u0436\u0438\u043c\u043e\u0435 \u0432 \u0445\u043e\u0440\u043e\u0448\u0435\u043c \u0441\u043e\u0441\u0442\u043e\u044f\u043d\u0438\u0438.<br \/>\u0420\u0430\u0437\u043c\u0435\u0440: \u0441\u0442\u0430\u043d\u0434\u0430\u0440\u0442\u043d\u044b\u0439 \u0444\u043e\u0440\u043c\u0430\u0442, \u043c\u044f\u0433\u043a\u0430\u044f \u043e\u0431\u043b\u043e\u0436\u043a\u0430.&nbsp;<\/p>\n","protected":false},"excerpt":{"rendered":"<p>Jutud eesti h\u00e4\u00e4buvast k\u00fclaelust, loodusest ja inimese vahekorrast sellega.<br \/>\nSisu:<br \/>\nEma \u00f5unapuu<br \/>\n\u00dcks v\u00e4ratus<br \/>\nKangelastegu<br \/>\nNaeratus<br \/>\nUnistuste linnud<\/p>\n","protected":false},"featured_media":56400,"template":"","meta":[],"product_brand":[],"product_cat":[15],"product_tag":[],"class_list":{"0":"post-56719","1":"product","2":"type-product","3":"status-publish","4":"has-post-thumbnail","6":"product_cat-maaratlemata","8":"first","9":"instock","10":"shipping-taxable","11":"purchasable","12":"product-type-simple"},"aioseo_notices":[],"_links":{"self":[{"href":"https:\/\/magasiait.ee\/ru\/wp-json\/wp\/v2\/product\/56719","targetHints":{"allow":["GET"]}}],"collection":[{"href":"https:\/\/magasiait.ee\/ru\/wp-json\/wp\/v2\/product"}],"about":[{"href":"https:\/\/magasiait.ee\/ru\/wp-json\/wp\/v2\/types\/product"}],"wp:featuredmedia":[{"embeddable":true,"href":"https:\/\/magasiait.ee\/ru\/wp-json\/wp\/v2\/media\/56400"}],"wp:attachment":[{"href":"https:\/\/magasiait.ee\/ru\/wp-json\/wp\/v2\/media?parent=56719"}],"wp:term":[{"taxonomy":"product_brand","embeddable":true,"href":"https:\/\/magasiait.ee\/ru\/wp-json\/wp\/v2\/product_brand?post=56719"},{"taxonomy":"product_cat","embeddable":true,"href":"https:\/\/magasiait.ee\/ru\/wp-json\/wp\/v2\/product_cat?post=56719"},{"taxonomy":"product_tag","embeddable":true,"href":"https:\/\/magasiait.ee\/ru\/wp-json\/wp\/v2\/product_tag?post=56719"}],"curies":[{"name":"wp","href":"https:\/\/api.w.org\/{rel}","templated":true}]}}