{"id":66930,"date":"2024-09-20T11:33:10","date_gmt":"2024-09-20T11:33:10","guid":{"rendered":"https:\/\/magasiait.ee\/toode\/%d0%b4%d0%b6%d0%b8%d0%bd-atla-distillery-london-dry-45-35-%d0%ba%d0%bb\/"},"modified":"2024-09-21T15:00:37","modified_gmt":"2024-09-21T15:00:37","slug":"%d0%b4%d0%b6%d0%b8%d0%bd-atla-distillery-london-dry-45-35-%d0%ba%d0%bb","status":"publish","type":"product","link":"https:\/\/magasiait.ee\/ru\/\u043f\u0440\u043e\u0434\u0443\u043a\u0442\/%d0%b4%d0%b6%d0%b8%d0%bd-atla-distillery-london-dry-45-35-%d0%ba%d0%bb\/","title":{"rendered":"\u0414\u0436\u0438\u043d Atla Distillery London Dry 45% 35 \u043a\u043b."},"content":{"rendered":"<figure class=\"image image_resized\" style=\"width:13.01%\"><img decoding=\"async\" src=\"https:\/\/cdn.erply.com\/assets\/500235\/file\/77XGnbCUwpI7bfFjskQpF0n3alZ0izScIzWbbZPFBcnQv8rI3Q.png\"><\/figure>\n<p>\u044d\u0441\u0442\u043e\u043d\u0441\u043a\u0438\u0439<\/p>\n","protected":false},"excerpt":{"rendered":"<p>Detect language<\/p>\n<p>Russian<\/p>\n<p>English<\/p>\n<p>Estonian<\/p>\n<p>Russian<\/p>\n<p>English<\/p>\n<p>Spanish<br \/>\nKlassikaline London Dry GIN.<br \/>\nImeline jook nii toonikuga kui puhtalt.<br \/>\nToodetud Eestis k\u00e4sit\u00f6\u00f6na.<br \/>\nValmistatud Eesti parimast piiritusest, valitud kadakamarjadest ja v\u00fcrtsidest.<br \/>\nMaitses on tunda kadakat, koriandrit ja  tsitrust. Tugeva kadaka aroomiga.<\/p>\n<p>Kokteilisoovitus: toonikuga, \u00f5unaviiluga v\u00f5i tsitruselistega ja muidugi \u00e4ra unusta j\u00e4\u00e4d!<br \/>\nNB: tellimusel m\u00e4rkige kindlasti m\u00e4rkustesse, et olete t\u00e4isealine. Kui m\u00e4rget ei ole siis oodake meie e-maili v\u00f5i telefonik\u00f5net. Enne kinnituse saamist me pakki ei postita.<br \/>\n?<\/p>\n<p>512 \/ 5,000<br \/>\n\u041a\u043b\u0430\u0441\u0441\u0438\u0447\u0435\u0441\u043a\u0438\u0439 \u043b\u043e\u043d\u0434\u043e\u043d\u0441\u043a\u0438\u0439 \u0441\u0443\u0445\u043e\u0439 \u0434\u0436\u0438\u043d.<br \/>\n\u0417\u0430\u043c\u0435\u0447\u0430\u0442\u0435\u043b\u044c\u043d\u044b\u0439 \u043d\u0430\u043f\u0438\u0442\u043e\u043a \u043a\u0430\u043a \u0442\u043e\u043d\u0438\u0437\u0438\u0440\u0443\u044e\u0449\u0438\u0439, \u0442\u0430\u043a \u0438 \u0432 \u0447\u0438\u0441\u0442\u043e\u043c \u0432\u0438\u0434\u0435.<br \/>\n\u0418\u0437\u0433\u043e\u0442\u043e\u0432\u043b\u0435\u043d\u043e \u0432\u0440\u0443\u0447\u043d\u0443\u044e \u0432 \u042d\u0441\u0442\u043e\u043d\u0438\u0438.<br \/>\n\u0418\u0437\u0433\u043e\u0442\u043e\u0432\u043b\u0435\u043d\u043e \u0438\u0437 \u043b\u0443\u0447\u0448\u0435\u0433\u043e \u044d\u0441\u0442\u043e\u043d\u0441\u043a\u043e\u0433\u043e \u0441\u043f\u0438\u0440\u0442\u0430, \u043e\u0442\u0431\u043e\u0440\u043d\u044b\u0445 \u044f\u0433\u043e\u0434 \u043c\u043e\u0436\u0436\u0435\u0432\u0435\u043b\u044c\u043d\u0438\u043a\u0430 \u0438 \u0441\u043f\u0435\u0446\u0438\u0439.<br \/>\n\u0412\u043e \u0432\u043a\u0443\u0441\u0435 \u043f\u0440\u0438\u0441\u0443\u0442\u0441\u0442\u0432\u0443\u044e\u0442 \u043c\u043e\u0436\u0436\u0435\u0432\u0435\u043b\u044c\u043d\u0438\u043a, \u043a\u043e\u0440\u0438\u0430\u043d\u0434\u0440 \u0438 \u0446\u0438\u0442\u0440\u0443\u0441\u043e\u0432\u044b\u0435. \u0421 \u0441\u0438\u043b\u044c\u043d\u044b\u043c \u0430\u0440\u043e\u043c\u0430\u0442\u043e\u043c \u043c\u043e\u0436\u0436\u0435\u0432\u0435\u043b\u044c\u043d\u0438\u043a\u0430.<\/p>\n<p>\u0420\u0435\u043a\u043e\u043c\u0435\u043d\u0434\u0430\u0446\u0438\u0438 \u043f\u043e \u043a\u043e\u043a\u0442\u0435\u0439\u043b\u044e: \u0441 \u0442\u043e\u043d\u0438\u043a\u043e\u043c, \u043b\u043e\u043c\u0442\u0438\u043a\u043e\u043c \u044f\u0431\u043b\u043e\u043a\u0430 \u0438\u043b\u0438 \u0446\u0438\u0442\u0440\u0443\u0441\u043e\u043c \u0438, \u043a\u043e\u043d\u0435\u0447\u043d\u043e \u0436\u0435, \u043d\u0435 \u0437\u0430\u0431\u0443\u0434\u044c\u0442\u0435 \u043b\u0435\u0434!<\/p>\n<p>NB: \u043f\u0440\u0438 \u0437\u0430\u043a\u0430\u0437\u0435 \u043e\u0431\u044f\u0437\u0430\u0442\u0435\u043b\u044c\u043d\u043e \u0443\u043a\u0430\u0437\u044b\u0432\u0430\u0439\u0442\u0435 \u0432 \u043f\u0440\u0438\u043c\u0435\u0447\u0430\u043d\u0438\u044f\u0445, \u0447\u0442\u043e \u0432\u044b \u0441\u043e\u0432\u0435\u0440\u0448\u0435\u043d\u043d\u043e\u043b\u0435\u0442\u043d\u0438\u0439. \u0415\u0441\u043b\u0438 \u0443\u043a\u0430\u0437\u0430\u043d\u0438\u0439 \u043d\u0435\u0442, \u0434\u043e\u0436\u0434\u0438\u0442\u0435\u0441\u044c \u043d\u0430\u0448\u0435\u0433\u043e \u043f\u0438\u0441\u044c\u043c\u0430 \u0438\u043b\u0438 \u0442\u0435\u043b\u0435\u0444\u043e\u043d\u043d\u043e\u0433\u043e \u0437\u0432\u043e\u043d\u043a\u0430. \u041c\u044b \u043d\u0435 \u043e\u0442\u043f\u0440\u0430\u0432\u0438\u043c \u043f\u043e\u0441\u044b\u043b\u043a\u0443, \u043f\u043e\u043a\u0430 \u043d\u0435 \u043f\u043e\u043b\u0443\u0447\u0438\u043c \u043f\u043e\u0434\u0442\u0432\u0435\u0440\u0436\u0434\u0435\u043d\u0438\u0435.<\/p>\n","protected":false},"featured_media":66811,"template":"","meta":[],"product_brand":[],"product_cat":[900],"product_tag":[],"class_list":{"0":"post-66930","1":"product","2":"type-product","3":"status-publish","4":"has-post-thumbnail","6":"product_cat-kanged-alkoholid-ru","8":"first","9":"outofstock","10":"shipping-taxable","11":"purchasable","12":"product-type-simple"},"aioseo_notices":[],"_links":{"self":[{"href":"https:\/\/magasiait.ee\/ru\/wp-json\/wp\/v2\/product\/66930","targetHints":{"allow":["GET"]}}],"collection":[{"href":"https:\/\/magasiait.ee\/ru\/wp-json\/wp\/v2\/product"}],"about":[{"href":"https:\/\/magasiait.ee\/ru\/wp-json\/wp\/v2\/types\/product"}],"wp:featuredmedia":[{"embeddable":true,"href":"https:\/\/magasiait.ee\/ru\/wp-json\/wp\/v2\/media\/66811"}],"wp:attachment":[{"href":"https:\/\/magasiait.ee\/ru\/wp-json\/wp\/v2\/media?parent=66930"}],"wp:term":[{"taxonomy":"product_brand","embeddable":true,"href":"https:\/\/magasiait.ee\/ru\/wp-json\/wp\/v2\/product_brand?post=66930"},{"taxonomy":"product_cat","embeddable":true,"href":"https:\/\/magasiait.ee\/ru\/wp-json\/wp\/v2\/product_cat?post=66930"},{"taxonomy":"product_tag","embeddable":true,"href":"https:\/\/magasiait.ee\/ru\/wp-json\/wp\/v2\/product_tag?post=66930"}],"curies":[{"name":"wp","href":"https:\/\/api.w.org\/{rel}","templated":true}]}}