{"id":78679,"date":"2025-04-10T10:15:45","date_gmt":"2025-04-10T10:15:45","guid":{"rendered":"https:\/\/magasiait.ee\/toode\/%d1%81%d1%8b%d0%b2%d0%be%d1%80%d0%be%d1%82%d0%ba%d0%b0-%d1%81-%d0%bc%d0%b0%d1%81%d0%bb%d0%be%d0%bc-%d0%b4%d0%b8%d0%ba%d0%b8%d1%85-%d1%84%d1%80%d1%83%d0%ba%d1%82%d0%be%d0%b2-%d0%b1%d0%be%d0%b3%d0%b0\/"},"modified":"2025-04-11T15:00:14","modified_gmt":"2025-04-11T15:00:14","slug":"%d1%81%d1%8b%d0%b2%d0%be%d1%80%d0%be%d1%82%d0%ba%d0%b0-%d1%81-%d0%bc%d0%b0%d1%81%d0%bb%d0%be%d0%bc-%d0%b4%d0%b8%d0%ba%d0%b8%d1%85-%d1%84%d1%80%d1%83%d0%ba%d1%82%d0%be%d0%b2-%d0%b1%d0%be%d0%b3%d0%b0","status":"publish","type":"product","link":"https:\/\/magasiait.ee\/ru\/\u043f\u0440\u043e\u0434\u0443\u043a\u0442\/%d1%81%d1%8b%d0%b2%d0%be%d1%80%d0%be%d1%82%d0%ba%d0%b0-%d1%81-%d0%bc%d0%b0%d1%81%d0%bb%d0%be%d0%bc-%d0%b4%d0%b8%d0%ba%d0%b8%d1%85-%d1%84%d1%80%d1%83%d0%ba%d1%82%d0%be%d0%b2-%d0%b1%d0%be%d0%b3%d0%b0\/","title":{"rendered":"\u0421\u044b\u0432\u043e\u0440\u043e\u0442\u043a\u0430 \u0441 \u043c\u0430\u0441\u043b\u043e\u043c \u0434\u0438\u043a\u0438\u0445 \u0444\u0440\u0443\u043a\u0442\u043e\u0432, \u0431\u043e\u0433\u0430\u0442\u0430\u044f \u0430\u043d\u0442\u0438\u043e\u043a\u0441\u0438\u0434\u0430\u043d\u0442\u0430\u043c\u0438 &#8212; USVA"},"content":{"rendered":"<p><strong>\u0418\u043d\u0433\u0440\u0435\u0434\u0438\u0435\u043d\u0442\u044b:<\/strong><br \/>\u041c\u0430\u0441\u043b\u043e \u043c\u0430\u0440\u0430\u043a\u0443\u0439\u0438, \u043c\u0430\u0441\u043b\u043e \u0436\u043e\u0436\u043e\u0431\u0430, \u0441\u043a\u0432\u0430\u043b\u0430\u043d (\u0438\u0437 \u043e\u043b\u0438\u0432\u043e\u043a), \u043c\u0430\u0441\u043b\u043e \u0431\u0443\u0440\u0438\u0442\u0438, \u043c\u0430\u0441\u043b\u043e \u041c\u0421\u0422 (\u0438\u0437 \u043a\u043e\u043a\u043e\u0441\u0430), \u0434\u0438\u043a\u0430\u043f\u0440\u0438\u043b\u0438\u043b\u043a\u0430\u0440\u0431\u043e\u043d\u0430\u0442 (\u0438\u0437 \u043a\u043e\u043a\u043e\u0441\u0430), \u043f\u043e\u0434\u0441\u043e\u043b\u043d\u0435\u0447\u043d\u043e\u0435 \u043c\u0430\u0441\u043b\u043e, \u0432\u0438\u0442\u0430\u043c\u0438\u043d E<\/p>\n<p>INCI: Passiflora Edulis Seed Oil, Simmondsia Chinensis Seed Oil, \u0441\u043a\u0432\u0430\u043b\u0430\u043d, Mauritia Flexuosa Fruit Oil, Caprylic\/Capric Triglyceride, Dicaprylyl Carbonate, Helianthus Annuus Seed Oil, Tocopherol<\/p>\n<p>\u0412\u0441\u0435 \u0438\u043d\u0433\u0440\u0435\u0434\u0438\u0435\u043d\u0442\u044b \u043d\u0430 100% \u043d\u0430\u0442\u0443\u0440\u0430\u043b\u044c\u043d\u044b\u0435 \u0438 \u0432\u0435\u0433\u0430\u043d\u0441\u043a\u0438\u0435.<br \/>\u041a\u0440\u0430\u0441\u043e\u0442\u0430 \u0440\u0430\u0441\u0442\u0435\u0442 \u0432 \u0434\u0438\u043a\u043e\u0439 \u043f\u0440\u0438\u0440\u043e\u0434\u0435 \u2014 \u0442\u0430\u043a \u0436\u0435, \u043a\u0430\u043a \u0438 \u0432 \u043d\u0430\u0441, \u043b\u044e\u0434\u044f\u0445. \u041f\u043e\u043b\u0435\u0432\u044b\u0435 \u0446\u0432\u0435\u0442\u044b, \u0442\u0440\u0430\u0432\u044b \u0438 \u0444\u0440\u0443\u043a\u0442\u044b \u0440\u0430\u0441\u0442\u0443\u0442 \u0432 \u0441\u0432\u043e\u0435\u0439 \u0435\u0441\u0442\u0435\u0441\u0442\u0432\u0435\u043d\u043d\u043e\u0439 \u0441\u0440\u0435\u0434\u0435, \u0433\u0434\u0435 \u043f\u0440\u0438\u0440\u043e\u0434\u0430 \u043f\u0440\u0435\u0434\u043d\u0430\u0437\u043d\u0430\u0447\u0438\u043b\u0430 \u0438\u0445 \u0434\u043b\u044f \u043f\u0440\u043e\u0446\u0432\u0435\u0442\u0430\u043d\u0438\u044f, \u0441\u043e\u0432\u0435\u0440\u0448\u0435\u043d\u043d\u043e \u043d\u0435\u0442\u0440\u043e\u043d\u0443\u0442\u044b\u0435 \u0440\u0443\u043a\u0430\u043c\u0438 \u0447\u0435\u043b\u043e\u0432\u0435\u043a\u0430. \u042d\u0442\u0438 \u0440\u0430\u0441\u0442\u0435\u043d\u0438\u044f \u043f\u043e\u0434\u0432\u0435\u0440\u0433\u0430\u044e\u0442\u0441\u044f \u0442\u0435\u043c \u0436\u0435 \u0441\u0443\u0440\u043e\u0432\u044b\u043c \u0443\u0441\u043b\u043e\u0432\u0438\u044f\u043c, \u0447\u0442\u043e \u0438 \u043d\u0430\u0448\u0430 \u043a\u043e\u0436\u0430: \u0438\u043d\u0442\u0435\u043d\u0441\u0438\u0432\u043d\u043e\u043c\u0443 \u0441\u043e\u043b\u043d\u0446\u0443, \u043d\u0438\u0437\u043a\u043e\u0439 \u0432\u043b\u0430\u0436\u043d\u043e\u0441\u0442\u0438, \u043f\u0435\u0440\u0435\u043f\u0430\u0434\u0430\u043c \u0442\u0435\u043c\u043f\u0435\u0440\u0430\u0442\u0443\u0440 \u0438 \u043c\u043d\u043e\u0433\u0438\u043c \u0434\u0440\u0443\u0433\u0438\u043c \u0441\u0442\u0440\u0435\u0441\u0441\u043e\u0432\u044b\u043c \u0444\u0430\u043a\u0442\u043e\u0440\u0430\u043c.<\/p>\n<p>\u0414\u0438\u043a\u0438\u0435 \u0440\u0430\u0441\u0442\u0435\u043d\u0438\u044f \u0440\u0430\u0437\u0432\u0438\u0432\u0430\u044e\u0442\u0441\u044f \u0438\u043d\u0430\u0447\u0435, \u0447\u0435\u043c \u043a\u0443\u043b\u044c\u0442\u0438\u0432\u0438\u0440\u0443\u0435\u043c\u044b\u0435; \u043e\u043d\u0438 \u0441\u0442\u0430\u043d\u043e\u0432\u044f\u0442\u0441\u044f \u0432\u044b\u043d\u043e\u0441\u043b\u0438\u0432\u044b\u043c\u0438, \u0443\u0441\u0442\u043e\u0439\u0447\u0438\u0432\u044b\u043c\u0438 \u0438 \u0430\u0434\u0430\u043f\u0442\u0438\u0440\u0443\u0435\u043c\u044b\u043c\u0438 \u043a \u043e\u043a\u0440\u0443\u0436\u0430\u044e\u0449\u0435\u0439 \u0441\u0440\u0435\u0434\u0435, \u0441\u043e\u0445\u0440\u0430\u043d\u044f\u044f \u043f\u0438\u0442\u0430\u0442\u0435\u043b\u044c\u043d\u044b\u0435 \u0432\u0435\u0449\u0435\u0441\u0442\u0432\u0430 \u0438 \u0430\u043d\u0442\u0438\u043e\u043a\u0441\u0438\u0434\u0430\u043d\u0442\u044b, \u043e\u0434\u043d\u043e\u0432\u0440\u0435\u043c\u0435\u043d\u043d\u043e \u0440\u0430\u0437\u0432\u0438\u0432\u0430\u044f \u0440\u0430\u0437\u043b\u0438\u0447\u043d\u044b\u0435 \u0446\u0435\u043b\u0435\u0431\u043d\u044b\u0435 \u0438 \u0441\u043b\u043e\u0436\u043d\u044b\u0435 \u0441\u0432\u043e\u0439\u0441\u0442\u0432\u0430 \u0434\u043b\u044f \u0432\u044b\u0436\u0438\u0432\u0430\u043d\u0438\u044f.<\/p>\n<p>\u0421\u0431\u043e\u0440 \u0434\u0438\u043a\u043e\u0440\u0430\u0441\u0442\u0443\u0449\u0438\u0445 \u0440\u0430\u0441\u0442\u0435\u043d\u0438\u0439 \u2014 \u044d\u0442\u043e \u0443\u0441\u0442\u043e\u0439\u0447\u0438\u0432\u044b\u0439, \u044d\u0442\u0438\u0447\u043d\u044b\u0439 \u0438 \u044d\u043a\u043e\u043b\u043e\u0433\u0438\u0447\u0435\u0441\u043a\u0438 \u0443\u0432\u0430\u0436\u0438\u0442\u0435\u043b\u044c\u043d\u044b\u0439 \u0441\u043f\u043e\u0441\u043e\u0431 \u043f\u043e\u043b\u0443\u0447\u0435\u043d\u0438\u044f \u0441\u044b\u0440\u044c\u044f. \u041e\u043d \u0437\u0430\u0449\u0438\u0449\u0430\u0435\u0442 \u0437\u0435\u043c\u043b\u044e \u043e\u0442 \u0443\u0434\u043e\u0431\u0440\u0435\u043d\u0438\u0439 \u0438 \u0432\u043c\u0435\u0448\u0430\u0442\u0435\u043b\u044c\u0441\u0442\u0432\u0430 \u0447\u0435\u043b\u043e\u0432\u0435\u043a\u0430, \u043e\u0434\u043d\u043e\u0432\u0440\u0435\u043c\u0435\u043d\u043d\u043e \u043f\u043e\u0434\u0434\u0435\u0440\u0436\u0438\u0432\u0430\u044f \u043c\u0435\u0441\u0442\u043d\u044b\u0435 \u0441\u043e\u043e\u0431\u0449\u0435\u0441\u0442\u0432\u0430. \u042d\u0442\u0438 \u0440\u0430\u0441\u0442\u0435\u043d\u0438\u044f \u043d\u0435 \u0432\u044b\u0441\u0435\u0432\u0430\u044e\u0442\u0441\u044f \u0438 \u043d\u0435 \u043e\u0431\u0440\u0430\u0431\u0430\u0442\u044b\u0432\u0430\u044e\u0442\u0441\u044f, \u0430 \u0441\u043e\u0431\u0438\u0440\u0430\u044e\u0442\u0441\u044f \u0432\u0440\u0443\u0447\u043d\u0443\u044e \u0438\u0437 \u0438\u0445 \u0435\u0441\u0442\u0435\u0441\u0442\u0432\u0435\u043d\u043d\u043e\u0439 \u0441\u0440\u0435\u0434\u044b \u043e\u0431\u0438\u0442\u0430\u043d\u0438\u044f.<\/p>\n<p>\u041d\u0430\u043f\u0440\u0438\u043c\u0435\u0440, \u043f\u0440\u0438 \u0441\u0431\u043e\u0440\u0435 \u0444\u0440\u0443\u043a\u0442\u043e\u0432, \u043e\u0440\u0435\u0445\u043e\u0432 \u0438\u043b\u0438 \u0433\u0440\u0438\u0431\u043e\u0432 \u0441\u0430\u043c\u043e \u0440\u0430\u0441\u0442\u0435\u043d\u0438\u0435 \u043d\u0435 \u043f\u043e\u0432\u0440\u0435\u0436\u0434\u0430\u0435\u0442\u0441\u044f \u0438 \u043d\u0435 \u0432\u044b\u0440\u044b\u0432\u0430\u0435\u0442\u0441\u044f \u0441 \u043a\u043e\u0440\u043d\u0435\u043c. \u042d\u0442\u043e\u0442 \u043f\u0440\u043e\u0446\u0435\u0441\u0441 \u043d\u0438\u0447\u0435\u043c \u043d\u0435 \u043e\u0442\u043b\u0438\u0447\u0430\u0435\u0442\u0441\u044f \u043e\u0442 \u0442\u043e\u0433\u043e, \u043a\u0430\u043a \u043b\u0435\u0441\u043d\u043e\u0435 \u0436\u0438\u0432\u043e\u0442\u043d\u043e\u0435 \u0433\u0440\u044b\u0437\u0435\u0442 \u0435\u0433\u043e, \u0434\u043e\u0431\u044b\u0432\u0430\u044f \u0441\u0435\u0431\u0435 \u0435\u0434\u0443.<\/p>\n","protected":false},"excerpt":{"rendered":"<p>Wild Fruit Oil Serum sisaldab v\u00f5imsat segu v\u00e4\u00e4rtuslikest k\u00fclmpressitud puuvilja\u00f5lidest. See sisaldab maailma rikkaimat looduslikku beetakaroteeni allikat ning annab nahale energiat vitamiinide ja antioks\u00fcdantide k\u00f5rge tasemega. Looduses kasvanud luksuslik buriti kirgastab ja suurendab elastsust, pehmendab ja rahustab nahka. Toitaineterikkad, tasakaalustavad ja kiiresti imenduvad kannatusvilja- ja jojoba\u00f5lid annavad n\u00e4ole loomuliku, noorusliku s\u00e4ra.<\/p>\n<p>Siidine tunne, elav puuviljane v\u00e4rv ja peen looduslik passionivilja aroom pakuvad t\u00f5eliselt sensoorset elamust. N\u00e4o\u00f5li sobib k\u00f5ikidele nahat\u00fc\u00fcpidele, ka tundlikule nahale ning sobib eriti h\u00e4sti v\u00e4sinud ja tuhmile nahale, mis vajab s\u00e4rat\u00f5uget. Selle kerge tekstuur ei j\u00e4ta rasvast tunnet ja muudab selle ideaalseks igap\u00e4evaseks kasutamiseks \u00fcksi v\u00f5i meigi all.<\/p>\n<p>30 ml<\/p>\n<p>\u2713 V\u00e4lja t\u00f6\u00f6tatud ja k\u00e4sit\u00f6\u00f6na valmistatud Soomes<br \/>\n\u2713 100% looduslikud koostisosad<br \/>\n\u2713 S\u00e4ilitusainetevaba<br \/>\n\u2713 L\u00f5hnaainevaba<br \/>\n\u2713 Vegan ja julmusevaba<\/p>\n","protected":false},"featured_media":78559,"template":"","meta":[],"product_brand":[],"product_cat":[15],"product_tag":[],"class_list":{"0":"post-78679","1":"product","2":"type-product","3":"status-publish","4":"has-post-thumbnail","6":"product_cat-maaratlemata","8":"first","9":"instock","10":"shipping-taxable","11":"purchasable","12":"product-type-simple"},"aioseo_notices":[],"_links":{"self":[{"href":"https:\/\/magasiait.ee\/ru\/wp-json\/wp\/v2\/product\/78679","targetHints":{"allow":["GET"]}}],"collection":[{"href":"https:\/\/magasiait.ee\/ru\/wp-json\/wp\/v2\/product"}],"about":[{"href":"https:\/\/magasiait.ee\/ru\/wp-json\/wp\/v2\/types\/product"}],"wp:featuredmedia":[{"embeddable":true,"href":"https:\/\/magasiait.ee\/ru\/wp-json\/wp\/v2\/media\/78559"}],"wp:attachment":[{"href":"https:\/\/magasiait.ee\/ru\/wp-json\/wp\/v2\/media?parent=78679"}],"wp:term":[{"taxonomy":"product_brand","embeddable":true,"href":"https:\/\/magasiait.ee\/ru\/wp-json\/wp\/v2\/product_brand?post=78679"},{"taxonomy":"product_cat","embeddable":true,"href":"https:\/\/magasiait.ee\/ru\/wp-json\/wp\/v2\/product_cat?post=78679"},{"taxonomy":"product_tag","embeddable":true,"href":"https:\/\/magasiait.ee\/ru\/wp-json\/wp\/v2\/product_tag?post=78679"}],"curies":[{"name":"wp","href":"https:\/\/api.w.org\/{rel}","templated":true}]}}